{"id":945,"date":"2020-05-30T00:25:32","date_gmt":"2020-05-30T03:25:32","guid":{"rendered":"https:\/\/uep56terciario-cha.infd.edu.ar\/sitio\/?page_id=945"},"modified":"2026-04-07T13:20:40","modified_gmt":"2026-04-07T16:20:40","slug":"horarios-2026","status":"publish","type":"page","link":"https:\/\/uep56terciario-cha.infd.edu.ar\/sitio\/horarios-2026\/","title":{"rendered":"HORARIOS 2026"},"content":{"rendered":"<p>Desde esta secci\u00f3n pod\u00e9s acceder a los Horarios Actualizados para el presente Ciclo Lectivo 2026.<\/p>\n<ul>\n<li><a href=\"https:\/\/drive.google.com\/file\/d\/1rh7ZjdmbamNTprPM2kdZU6WyelH-CQdQ\/view?usp=sharing\" target=\"_blank\" rel=\"noopener\">Profesorado para la Educaci\u00f3n Secundaria en Matem\u00e1tica<\/a><\/li>\n<li><a href=\"https:\/\/drive.google.com\/file\/d\/1rkAtsGny2I5tjbxf6pdTGaWTcqIyXXtL\/view?usp=sharing\" target=\"_blank\" rel=\"noopener\">Profesorado para la Educaci\u00f3n Superior en Educaci\u00f3n F\u00edsica<\/a><\/li>\n<li><a href=\"https:\/\/drive.google.com\/file\/d\/1rkM43RFU8Q6-U2hcjC4AFNekEt23p-Rz\/view?usp=sharing\" target=\"_blank\" rel=\"noopener\">Profesorado para la Educaci\u00f3n Tecnol\u00f3gica<\/a><\/li>\n<li><a href=\"https:\/\/drive.google.com\/file\/d\/1kiHxtXFCBuzvipEdvptJjfUW17MNqN8S\/view?usp=sharing\" target=\"_blank\" rel=\"noopener\">Profesorado para la Educaci\u00f3n Inicial<\/a><\/li>\n<li><a href=\"https:\/\/drive.google.com\/file\/d\/19yy1f_aD7GoJldQA28jsceBMKVRsS6he\/view?usp=sharing\" target=\"_blank\" rel=\"noopener\">Profesorado para la Educaci\u00f3n Primaria<\/a><\/li>\n<li><a href=\"https:\/\/drive.google.com\/file\/d\/1s3tdLAUWG3k-E1zawxNNUebOUMhPzpSo\/view?usp=sharing\" target=\"_blank\" rel=\"noopener\">Tecnicatura Superior en Seguridad, Higiene y Medio Ambiente en el Trabajo<\/a><\/li>\n<\/ul>\n\n\n<p><\/p>\n","protected":false},"excerpt":{"rendered":"<p>Desde esta secci\u00f3n pod\u00e9s acceder a los Horarios Actualizados para el presente Ciclo Lectivo 2026. Profesorado para la Educaci\u00f3n Secundaria en Matem\u00e1tica Profesorado para la Educaci\u00f3n Superior en Educaci\u00f3n F\u00edsica Profesorado para la Educaci\u00f3n Tecnol\u00f3gica Profesorado para la Educaci\u00f3n Inicial Profesorado para la Educaci\u00f3n Primaria Tecnicatura Superior en Seguridad, Higiene y Medio Ambiente en el &#8230; <a title=\"HORARIOS 2026\" class=\"read-more\" href=\"https:\/\/uep56terciario-cha.infd.edu.ar\/sitio\/horarios-2026\/\" aria-label=\"More on HORARIOS 2026\">[+]<\/a><\/p>\n","protected":false},"author":13,"featured_media":0,"parent":0,"menu_order":0,"comment_status":"closed","ping_status":"closed","template":"","meta":[],"acf":[],"_links":{"self":[{"href":"https:\/\/uep56terciario-cha.infd.edu.ar\/sitio\/wp-json\/wp\/v2\/pages\/945"}],"collection":[{"href":"https:\/\/uep56terciario-cha.infd.edu.ar\/sitio\/wp-json\/wp\/v2\/pages"}],"about":[{"href":"https:\/\/uep56terciario-cha.infd.edu.ar\/sitio\/wp-json\/wp\/v2\/types\/page"}],"author":[{"embeddable":true,"href":"https:\/\/uep56terciario-cha.infd.edu.ar\/sitio\/wp-json\/wp\/v2\/users\/13"}],"replies":[{"embeddable":true,"href":"https:\/\/uep56terciario-cha.infd.edu.ar\/sitio\/wp-json\/wp\/v2\/comments?post=945"}],"version-history":[{"count":18,"href":"https:\/\/uep56terciario-cha.infd.edu.ar\/sitio\/wp-json\/wp\/v2\/pages\/945\/revisions"}],"predecessor-version":[{"id":1557,"href":"https:\/\/uep56terciario-cha.infd.edu.ar\/sitio\/wp-json\/wp\/v2\/pages\/945\/revisions\/1557"}],"wp:attachment":[{"href":"https:\/\/uep56terciario-cha.infd.edu.ar\/sitio\/wp-json\/wp\/v2\/media?parent=945"}],"curies":[{"name":"wp","href":"https:\/\/api.w.org\/{rel}","templated":true}]}}