{"id":942,"date":"2020-05-26T10:13:06","date_gmt":"2020-05-26T13:13:06","guid":{"rendered":"https:\/\/uep56terciario-cha.infd.edu.ar\/sitio\/?page_id=942"},"modified":"2020-05-26T10:13:06","modified_gmt":"2020-05-26T13:13:06","slug":"don-carlos-2","status":"publish","type":"page","link":"https:\/\/uep56terciario-cha.infd.edu.ar\/sitio\/don-carlos-2\/","title":{"rendered":"Don Carlos"},"content":{"rendered":"<h3>FRASES CELEBRES DE DON CARLOS<\/h3>\n<ul>\n<li>\u00abNuestra escuela no es de nadie,es de todos\u00bb<\/li>\n<li>\u00abLa reforma educativa debe comenzar por los salarios\u00bb<\/li>\n<li>\u00abNo digamos hay que hacer, digamos tenemos que hacer\u00bb<\/li>\n<li>\u00abEsta escuela es de todos y para todos quienes la quieran de verdad\u00bb<\/li>\n<li>\u00abEsta casa es nuestra gran familia\u00bb<\/li>\n<li>\u00abDicen que los que se dedican a la educaci\u00f3n nunca ven el provecho de sus obras,pero es mentira:yo lo estoy viendo y disfrutando\u00bb<\/li>\n<li>\u00abNo sean solamente docentes,sean tambi\u00e9n soldados que luchan por el progreso de la comunidad\u00bb<\/li>\n<li>\u00abNo existe otro objetivo final de la educaci\u00f3n que no sea el de preparar a los ni\u00f1os y j\u00f3venes para la vida\u00bb<\/li>\n<li>\u00abEducar para la vida debe ser el objeto y el objetivo central de cada docente y de cada escuela\u00bb<\/li>\n<li>\u00abEl docente, como la madre, es la mano que mece la cuna\u00bb.<\/li>\n<li>\u00abQue en cada establecimiento educativo reine un clima familiar. Que directivos, docentes, padres y alumnos conformen una gran familia educativa\u00bb<\/li>\n<li>\u00abEl docente es la esperanza de una ciudad, de una provincia, de toda la patria y por eso debe ser adornado de las mejores virtudes morales, culturales e intelectuales\u00bb<\/li>\n<li>\u00abLa necesidad tiene cara de hereje\u00bb<\/li>\n<li>\u00abEste colegio que lleva mi nombre, ha producido una legi\u00f3n de profesores que est\u00e1n desempe\u00f1\u00e1ndose a lo largo y a lo ancho del pa\u00eds, desde Misiones a Tierra del Fuego\u00bb<\/li>\n<li>\u00abElabor\u00e9 este proyecto de crear la instituci\u00f3n, que era todo coraz\u00f3n como el quebracho y con la ayuda de muchas personas lo materializamos para orgullo de La Escondida y del Chaco\u00bb<\/li>\n<\/ul>\n","protected":false},"excerpt":{"rendered":"<p>FRASES CELEBRES DE DON CARLOS \u00abNuestra escuela no es de nadie,es de todos\u00bb \u00abLa reforma educativa debe comenzar por los salarios\u00bb \u00abNo digamos hay que hacer, digamos tenemos que hacer\u00bb \u00abEsta escuela es de todos y para todos quienes la quieran de verdad\u00bb \u00abEsta casa es nuestra gran familia\u00bb \u00abDicen que los que se dedican &#8230; <a title=\"Don Carlos\" class=\"read-more\" href=\"https:\/\/uep56terciario-cha.infd.edu.ar\/sitio\/don-carlos-2\/\" aria-label=\"More on Don Carlos\">[+]<\/a><\/p>\n","protected":false},"author":13,"featured_media":0,"parent":0,"menu_order":0,"comment_status":"closed","ping_status":"closed","template":"","meta":[],"acf":[],"_links":{"self":[{"href":"https:\/\/uep56terciario-cha.infd.edu.ar\/sitio\/wp-json\/wp\/v2\/pages\/942"}],"collection":[{"href":"https:\/\/uep56terciario-cha.infd.edu.ar\/sitio\/wp-json\/wp\/v2\/pages"}],"about":[{"href":"https:\/\/uep56terciario-cha.infd.edu.ar\/sitio\/wp-json\/wp\/v2\/types\/page"}],"author":[{"embeddable":true,"href":"https:\/\/uep56terciario-cha.infd.edu.ar\/sitio\/wp-json\/wp\/v2\/users\/13"}],"replies":[{"embeddable":true,"href":"https:\/\/uep56terciario-cha.infd.edu.ar\/sitio\/wp-json\/wp\/v2\/comments?post=942"}],"version-history":[{"count":1,"href":"https:\/\/uep56terciario-cha.infd.edu.ar\/sitio\/wp-json\/wp\/v2\/pages\/942\/revisions"}],"predecessor-version":[{"id":943,"href":"https:\/\/uep56terciario-cha.infd.edu.ar\/sitio\/wp-json\/wp\/v2\/pages\/942\/revisions\/943"}],"wp:attachment":[{"href":"https:\/\/uep56terciario-cha.infd.edu.ar\/sitio\/wp-json\/wp\/v2\/media?parent=942"}],"curies":[{"name":"wp","href":"https:\/\/api.w.org\/{rel}","templated":true}]}}