{"id":930,"date":"2020-05-25T14:53:06","date_gmt":"2020-05-25T17:53:06","guid":{"rendered":"https:\/\/uep56terciario-cha.infd.edu.ar\/sitio\/?page_id=930"},"modified":"2026-02-12T22:18:47","modified_gmt":"2026-02-13T01:18:47","slug":"tallerdeingreso-2025","status":"publish","type":"page","link":"https:\/\/uep56terciario-cha.infd.edu.ar\/sitio\/tallerdeingreso-2025\/","title":{"rendered":"TALLER DE INGRESO 2026"},"content":{"rendered":"<p>Estimados alumnos ingresantes a las diferentes ofertas acad\u00e9micas de nuestra Instituci\u00f3n, el Taller de Ingreso ser\u00e1 de cursada obligatoria y tendr\u00e1 un cronograma propuesto a partir del lunes 16 de marzo de 2026.<\/p>\n<p>Ac\u00e1 podr\u00e1n acceder y descargar los respectivos cuadernillos por carrera<\/p>\n<ul>\n<li>Profesorado para la Educaci\u00f3n Inicial<\/li>\n<li>Profesorado para la Educaci\u00f3n Primaria<\/li>\n<li>Profesorado para la Educaci\u00f3n Tecnol\u00f3gica<\/li>\n<li>Profesorado para la Educaci\u00f3n Secundaria en Matem\u00e1tica<\/li>\n<li>Tecnicatura Superior en Seguridad, Higiene y Medio Ambiente en el Trabajo<\/li>\n<\/ul>\n","protected":false},"excerpt":{"rendered":"<p>Estimados alumnos ingresantes a las diferentes ofertas acad\u00e9micas de nuestra Instituci\u00f3n, el Taller de Ingreso ser\u00e1 de cursada obligatoria y tendr\u00e1 un cronograma propuesto a partir del lunes 16 de marzo de 2026. Ac\u00e1 podr\u00e1n acceder y descargar los respectivos cuadernillos por carrera Profesorado para la Educaci\u00f3n Inicial Profesorado para la Educaci\u00f3n Primaria Profesorado para &#8230; <a title=\"TALLER DE INGRESO 2026\" class=\"read-more\" href=\"https:\/\/uep56terciario-cha.infd.edu.ar\/sitio\/tallerdeingreso-2025\/\" aria-label=\"More on TALLER DE INGRESO 2026\">[+]<\/a><\/p>\n","protected":false},"author":13,"featured_media":0,"parent":0,"menu_order":0,"comment_status":"closed","ping_status":"closed","template":"","meta":[],"acf":[],"_links":{"self":[{"href":"https:\/\/uep56terciario-cha.infd.edu.ar\/sitio\/wp-json\/wp\/v2\/pages\/930"}],"collection":[{"href":"https:\/\/uep56terciario-cha.infd.edu.ar\/sitio\/wp-json\/wp\/v2\/pages"}],"about":[{"href":"https:\/\/uep56terciario-cha.infd.edu.ar\/sitio\/wp-json\/wp\/v2\/types\/page"}],"author":[{"embeddable":true,"href":"https:\/\/uep56terciario-cha.infd.edu.ar\/sitio\/wp-json\/wp\/v2\/users\/13"}],"replies":[{"embeddable":true,"href":"https:\/\/uep56terciario-cha.infd.edu.ar\/sitio\/wp-json\/wp\/v2\/comments?post=930"}],"version-history":[{"count":16,"href":"https:\/\/uep56terciario-cha.infd.edu.ar\/sitio\/wp-json\/wp\/v2\/pages\/930\/revisions"}],"predecessor-version":[{"id":1519,"href":"https:\/\/uep56terciario-cha.infd.edu.ar\/sitio\/wp-json\/wp\/v2\/pages\/930\/revisions\/1519"}],"wp:attachment":[{"href":"https:\/\/uep56terciario-cha.infd.edu.ar\/sitio\/wp-json\/wp\/v2\/media?parent=930"}],"curies":[{"name":"wp","href":"https:\/\/api.w.org\/{rel}","templated":true}]}}