{"id":803,"date":"2019-11-27T21:30:15","date_gmt":"2019-11-28T00:30:15","guid":{"rendered":"https:\/\/uep56terciario-cha.infd.edu.ar\/sitio\/?page_id=803"},"modified":"2019-11-28T19:35:23","modified_gmt":"2019-11-28T22:35:23","slug":"expo-innovacion","status":"publish","type":"page","link":"https:\/\/uep56terciario-cha.infd.edu.ar\/sitio\/expo-innovacion\/","title":{"rendered":"Expo INNOVACI\u00d3N"},"content":{"rendered":"<p>El d\u00eda martes 19\/11\/2019 se llev\u00f3 a cabo la Expo INNOVACI\u00d3N.<\/p>\n<p>Una Muestra de conocimientos, destrezas, talentos y originalidad \u00fanica&#8230;<img decoding=\"async\" loading=\"lazy\" class=\"alignnone size-medium wp-image-804\" src=\"https:\/\/uep56terciario-cha.infd.edu.ar\/sitio\/wp-content\/uploads\/2019\/11\/WhatsApp-Image-2019-10-30-at-15.41.32-707x1000.jpeg\" alt=\"\" width=\"707\" height=\"1000\" srcset=\"https:\/\/uep56terciario-cha.infd.edu.ar\/sitio\/wp-content\/uploads\/2019\/11\/WhatsApp-Image-2019-10-30-at-15.41.32-707x1000.jpeg 707w, https:\/\/uep56terciario-cha.infd.edu.ar\/sitio\/wp-content\/uploads\/2019\/11\/WhatsApp-Image-2019-10-30-at-15.41.32-768x1086.jpeg 768w, https:\/\/uep56terciario-cha.infd.edu.ar\/sitio\/wp-content\/uploads\/2019\/11\/WhatsApp-Image-2019-10-30-at-15.41.32.jpeg 794w\" sizes=\"(max-width: 707px) 100vw, 707px\" \/> <img decoding=\"async\" loading=\"lazy\" class=\"alignnone size-medium wp-image-805\" src=\"https:\/\/uep56terciario-cha.infd.edu.ar\/sitio\/wp-content\/uploads\/2019\/11\/WhatsApp-Image-2019-11-20-at-18.21.561-1000x750.jpeg\" alt=\"\" width=\"1000\" height=\"750\" srcset=\"https:\/\/uep56terciario-cha.infd.edu.ar\/sitio\/wp-content\/uploads\/2019\/11\/WhatsApp-Image-2019-11-20-at-18.21.561-1000x750.jpeg 1000w, https:\/\/uep56terciario-cha.infd.edu.ar\/sitio\/wp-content\/uploads\/2019\/11\/WhatsApp-Image-2019-11-20-at-18.21.561-768x576.jpeg 768w, https:\/\/uep56terciario-cha.infd.edu.ar\/sitio\/wp-content\/uploads\/2019\/11\/WhatsApp-Image-2019-11-20-at-18.21.561.jpeg 1280w\" sizes=\"(max-width: 1000px) 100vw, 1000px\" \/> <img decoding=\"async\" loading=\"lazy\" class=\"alignnone size-medium wp-image-806\" src=\"https:\/\/uep56terciario-cha.infd.edu.ar\/sitio\/wp-content\/uploads\/2019\/11\/WhatsApp-Image-2019-11-20-at-18.21.56-1000x750.jpeg\" alt=\"\" width=\"1000\" height=\"750\" srcset=\"https:\/\/uep56terciario-cha.infd.edu.ar\/sitio\/wp-content\/uploads\/2019\/11\/WhatsApp-Image-2019-11-20-at-18.21.56-1000x750.jpeg 1000w, https:\/\/uep56terciario-cha.infd.edu.ar\/sitio\/wp-content\/uploads\/2019\/11\/WhatsApp-Image-2019-11-20-at-18.21.56-768x576.jpeg 768w, https:\/\/uep56terciario-cha.infd.edu.ar\/sitio\/wp-content\/uploads\/2019\/11\/WhatsApp-Image-2019-11-20-at-18.21.56.jpeg 1280w\" sizes=\"(max-width: 1000px) 100vw, 1000px\" \/> <img decoding=\"async\" loading=\"lazy\" class=\"alignnone size-medium wp-image-807\" src=\"https:\/\/uep56terciario-cha.infd.edu.ar\/sitio\/wp-content\/uploads\/2019\/11\/WhatsApp-Image-2019-11-20-at-18.21.57-1000x750.jpeg\" alt=\"\" width=\"1000\" height=\"750\" srcset=\"https:\/\/uep56terciario-cha.infd.edu.ar\/sitio\/wp-content\/uploads\/2019\/11\/WhatsApp-Image-2019-11-20-at-18.21.57-1000x750.jpeg 1000w, https:\/\/uep56terciario-cha.infd.edu.ar\/sitio\/wp-content\/uploads\/2019\/11\/WhatsApp-Image-2019-11-20-at-18.21.57-768x576.jpeg 768w, https:\/\/uep56terciario-cha.infd.edu.ar\/sitio\/wp-content\/uploads\/2019\/11\/WhatsApp-Image-2019-11-20-at-18.21.57.jpeg 1280w\" sizes=\"(max-width: 1000px) 100vw, 1000px\" \/> <img decoding=\"async\" loading=\"lazy\" class=\"alignnone size-medium wp-image-808\" src=\"https:\/\/uep56terciario-cha.infd.edu.ar\/sitio\/wp-content\/uploads\/2019\/11\/WhatsApp-Image-2019-11-20-at-18.23.20-1000x562.jpeg\" alt=\"\" width=\"1000\" height=\"562\" srcset=\"https:\/\/uep56terciario-cha.infd.edu.ar\/sitio\/wp-content\/uploads\/2019\/11\/WhatsApp-Image-2019-11-20-at-18.23.20-1000x562.jpeg 1000w, https:\/\/uep56terciario-cha.infd.edu.ar\/sitio\/wp-content\/uploads\/2019\/11\/WhatsApp-Image-2019-11-20-at-18.23.20-768x431.jpeg 768w, https:\/\/uep56terciario-cha.infd.edu.ar\/sitio\/wp-content\/uploads\/2019\/11\/WhatsApp-Image-2019-11-20-at-18.23.20.jpeg 1040w\" sizes=\"(max-width: 1000px) 100vw, 1000px\" \/> <img decoding=\"async\" loading=\"lazy\" class=\"alignnone size-medium wp-image-809\" src=\"https:\/\/uep56terciario-cha.infd.edu.ar\/sitio\/wp-content\/uploads\/2019\/11\/WhatsApp-Image-2019-11-20-at-18.23.24-1000x562.jpeg\" alt=\"\" width=\"1000\" height=\"562\" srcset=\"https:\/\/uep56terciario-cha.infd.edu.ar\/sitio\/wp-content\/uploads\/2019\/11\/WhatsApp-Image-2019-11-20-at-18.23.24-1000x562.jpeg 1000w, https:\/\/uep56terciario-cha.infd.edu.ar\/sitio\/wp-content\/uploads\/2019\/11\/WhatsApp-Image-2019-11-20-at-18.23.24-768x431.jpeg 768w, https:\/\/uep56terciario-cha.infd.edu.ar\/sitio\/wp-content\/uploads\/2019\/11\/WhatsApp-Image-2019-11-20-at-18.23.24.jpeg 1040w\" sizes=\"(max-width: 1000px) 100vw, 1000px\" \/><\/p>\n","protected":false},"excerpt":{"rendered":"<p>El d\u00eda martes 19\/11\/2019 se llev\u00f3 a cabo la Expo INNOVACI\u00d3N. Una Muestra de conocimientos, destrezas, talentos y originalidad \u00fanica&#8230;<\/p>\n","protected":false},"author":13,"featured_media":0,"parent":0,"menu_order":0,"comment_status":"closed","ping_status":"closed","template":"","meta":[],"acf":[],"_links":{"self":[{"href":"https:\/\/uep56terciario-cha.infd.edu.ar\/sitio\/wp-json\/wp\/v2\/pages\/803"}],"collection":[{"href":"https:\/\/uep56terciario-cha.infd.edu.ar\/sitio\/wp-json\/wp\/v2\/pages"}],"about":[{"href":"https:\/\/uep56terciario-cha.infd.edu.ar\/sitio\/wp-json\/wp\/v2\/types\/page"}],"author":[{"embeddable":true,"href":"https:\/\/uep56terciario-cha.infd.edu.ar\/sitio\/wp-json\/wp\/v2\/users\/13"}],"replies":[{"embeddable":true,"href":"https:\/\/uep56terciario-cha.infd.edu.ar\/sitio\/wp-json\/wp\/v2\/comments?post=803"}],"version-history":[{"count":1,"href":"https:\/\/uep56terciario-cha.infd.edu.ar\/sitio\/wp-json\/wp\/v2\/pages\/803\/revisions"}],"predecessor-version":[{"id":810,"href":"https:\/\/uep56terciario-cha.infd.edu.ar\/sitio\/wp-json\/wp\/v2\/pages\/803\/revisions\/810"}],"wp:attachment":[{"href":"https:\/\/uep56terciario-cha.infd.edu.ar\/sitio\/wp-json\/wp\/v2\/media?parent=803"}],"curies":[{"name":"wp","href":"https:\/\/api.w.org\/{rel}","templated":true}]}}