{"id":768,"date":"2018-07-26T14:05:47","date_gmt":"2018-07-26T17:05:47","guid":{"rendered":"https:\/\/uep56terciario-cha.infd.edu.ar\/sitio\/?page_id=768"},"modified":"2026-04-07T13:29:07","modified_gmt":"2026-04-07T16:29:07","slug":"docentes","status":"publish","type":"page","link":"https:\/\/uep56terciario-cha.infd.edu.ar\/sitio\/docentes\/","title":{"rendered":"Plantel Docente"},"content":{"rendered":"<header class=\"entry-header\">\n<ul>\n<li>ABATTE Horacio Ubaldo<br \/>\n<em>Profesor en Computaci\u00f3n y Matem\u00e1tica<\/em><\/li>\n<li>ACEBEDO Cinthia Paola<br \/>\n<em>Profesora de Educaci\u00f3n F\u00edsica.<br \/>\nT\u00e9cnica Superior en Administraci\u00f3n P\u00fablica<br \/>\nT\u00e9cnica Superior en Seguridad, Higiene y Medio Ambiente en el Trabajo<br \/>\n<\/em><\/li>\n<li>ACEVEDO Ra\u00fal Osvaldo<br \/>\n<em>Profesor de Matem\u00e1tica, F\u00edsica y Cosmograf\u00eda.<br \/>\n<\/em><em>Licenciado en Gesti\u00f3n Educativa (UNAF).<br \/>\n<\/em><em>Doctor en Ciencias Cognitivas (UNNE)<\/em><\/li>\n<li>AGUIRRE Carlos Omar<br \/>\n<em>Profesor de Biolog\u00eda.<br \/>\nEspecializaci\u00f3n en Idioma Extranjero<\/em><\/li>\n<li>ALEGRE Rub\u00e9n Dar\u00edo<br \/>\n<em>Profesor en Filosof\u00eda, Psicolog\u00eda y Pedagog\u00eda.<br \/>\nLicenciado en Gesti\u00f3n Educativa (UNAF)<\/em><\/li>\n<li>ALTAMIRANO Claudia Marcela<br \/>\n<em>Profesora en Castellano, Literatura e Historia.<br \/>\nLicienciada en Letras (UNNE)<\/em><\/li>\n<li>ALVAREZ Silvio Adrian<br \/>\n<em>Profesor de Matem\u00e1tica.<br \/>\nEspecialista en TIC (INFOD)<\/em><\/li>\n<li>BARRIOS Ana Mar\u00eda<br \/>\n<em>Profesora en Castellano, Literatura e Historia<\/em><\/li>\n<li>BENITEZ Antonia<br \/>\n<em>Profesora en Filosof\u00eda, Psicolog\u00eda y Pedagog\u00eda.<br \/>\nLicenciada en Educaci\u00f3n (UNAF)<\/em><\/li>\n<li>BOBADILLA F\u00e1tima Gabriela<br \/>\n<em>Profesora en Lengua y Literatura<br \/>\n<\/em><\/li>\n<li>BULLON Vanina Beatriz<br \/>\n<em>Profesora para la Educaci\u00f3n Preescolar<\/em><\/li>\n<li>BUSTINDUY Tamara Agustina<br \/>\n<em>Profesora en\u00a0Filosof\u00eda, Psicolog\u00eda y Pedagog\u00eda<\/em><\/li>\n<li>CACERES Andrea Paola<br \/>\n<em>Profesora de Educaci\u00f3n F\u00edsica<\/em><\/li>\n<li>CRUZ VARGAS Ivan Emanuel<br \/>\n<em>Profesor de Matem\u00e1tica<\/em><\/li>\n<li>ESCOBAR Juan Carlos<br \/>\n<em>Profesor en Filosof\u00eda, Psicolog\u00eda y Pedagog\u00eda.<br \/>\nLicenciado en Gesti\u00f3n Educativa (UNAF)<\/em><\/li>\n<li>FALCO Nelly Emilia<br \/>\n<em>Profesora en Matem\u00e1tica, F\u00edsica y Cosmograf\u00eda<\/em><\/li>\n<li>FERNANDEZ Cristian Alberto<br \/>\n<em>Profesor de Educaci\u00f3n F\u00edsica<\/em><\/li>\n<li>GIMENEZ Denise Diana<br \/>\n<em>Profesora de Educaci\u00f3n Tecnol\u00f3gica<\/em><\/li>\n<li>GOMEZ IGLESIAS Vanesa Marcela<br \/>\n<em>T\u00e9cnica Superior en Gesti\u00f3n Organizacional<\/em><\/li>\n<li>HEREDIA Andrea Elizabeth<br \/>\n<em>Profesora de Matem\u00e1tica<\/em><\/li>\n<li>IBA\u00d1EZ Anal\u00eda Lorena<br \/>\n<em>Profesora en Ciencias Qu\u00edmicas y del Ambiente<\/em><\/li>\n<li>IBA\u00d1EZ M\u00f3nica Alejandra<br \/>\n<em>Profesora en Ciencias Econ\u00f3micas.<br \/>\nContadora P\u00fablica Nacional (UNQ)<\/em><\/li>\n<li>JARA Carmen Elisa<br \/>\n<em>Profesora para la Educaci\u00f3n Pre Primaria<br \/>\nEspecializaci\u00f3n en Idioma Extranjero &#8211; Portugu\u00e9s\u00a0<\/em><\/li>\n<li>LIVA Silvia Lilian<br \/>\n<em>Profesora en Castellano, Literatura e Historia.<br \/>\nLicenciada en Letras (UNNE)<\/em><\/li>\n<li>MEDINA Alejandrina Isabel<br \/>\n<em>Profesora para la Educaci\u00f3n Inicial<br \/>\n<\/em><\/li>\n<li>NOVAK Miriam Mariela<br \/>\n<em>Profesora para la Educaci\u00f3n Secundaria Ingl\u00e9s<br \/>\n<\/em><\/li>\n<li>OJEDA Norma Elcira<br \/>\n<em>Profesora en Castellano, Literatura e Historia.<br \/>\nLicenciada en Gesti\u00f3n Educativa (UNAF)<\/em><\/li>\n<li>PEON Jos\u00e9 Antonio<br \/>\n<em>T\u00e9cnico Superior en Seguridad, Higiene y Medio Ambiente en el Trabajo<\/em><\/li>\n<li>QUINTELA Juan Jos\u00e9<br \/>\n<em>Profesor de Educaci\u00f3n F\u00edsica<\/em><\/li>\n<li>RIVERO Jos\u00e9 Lu\u00eds<br \/>\n<em>Profesor en Filosof\u00eda, Psicolog\u00eda y Pedagog\u00eda<\/em><\/li>\n<li>ROMERO Daiana Marisel<br \/>\n<em>Profesora para la Educaci\u00f3n Secundaria en Matem\u00e1tica<\/em><\/li>\n<li>ROMERO Dar\u00edo V\u00edctor<br \/>\n<em>Profesor de Historia<\/em><\/li>\n<li>RUIZ DIAZ Ricardo Ariel<br \/>\n<em>Profesor de Educaci\u00f3n F\u00edsica.<br \/>\nEspecializaci\u00f3n en Preparaci\u00f3n F\u00edsica Integral, Neurociencias Aplicadas al Deporte y Entrenamiento Deportivo.<\/em><\/li>\n<li>SENA Karen Jaqueline<br \/>\n<em>T\u00e9cnica Superior en Seguridad, Higiene y Medio Ambiente en el Trabajo<br \/>\n<\/em><em>Licenciada en Seguridad (UTN)<\/em><\/li>\n<li>SILVESTRI Daniel Eliseo<br \/>\n<em>Profesor en Filosof\u00eda, Psicolog\u00eda y Pedagog\u00eda.<br \/>\nLicenciado en Filosof\u00eda (UNNE).<br \/>\nEspecialista en Investigaci\u00f3n Educativa<\/em><\/li>\n<li>SOTO Pablo Andr\u00e9s<br \/>\n<em>Ingeniero en Sistemas de Informaci\u00f3n.<br \/>\nEspecialista en Ingenier\u00eda Gerencial (UTN)<\/em><\/li>\n<li>TRINIDAD Vanina Giselle<br \/>\n<em>Profesora para la Educaci\u00f3n Secundaria en Matem\u00e1tica<\/em><\/li>\n<\/ul>\n<\/header>\n","protected":false},"excerpt":{"rendered":"<p>ABATTE Horacio Ubaldo Profesor en Computaci\u00f3n y Matem\u00e1tica ACEBEDO Cinthia Paola Profesora de Educaci\u00f3n F\u00edsica. T\u00e9cnica Superior en Administraci\u00f3n P\u00fablica T\u00e9cnica Superior en Seguridad, Higiene y Medio Ambiente en el Trabajo ACEVEDO Ra\u00fal Osvaldo Profesor de Matem\u00e1tica, F\u00edsica y Cosmograf\u00eda. Licenciado en Gesti\u00f3n Educativa (UNAF). Doctor en Ciencias Cognitivas (UNNE) AGUIRRE Carlos Omar Profesor de &#8230; <a title=\"Plantel Docente\" class=\"read-more\" href=\"https:\/\/uep56terciario-cha.infd.edu.ar\/sitio\/docentes\/\" aria-label=\"More on Plantel Docente\">[+]<\/a><\/p>\n","protected":false},"author":6,"featured_media":0,"parent":0,"menu_order":0,"comment_status":"closed","ping_status":"closed","template":"","meta":[],"acf":[],"_links":{"self":[{"href":"https:\/\/uep56terciario-cha.infd.edu.ar\/sitio\/wp-json\/wp\/v2\/pages\/768"}],"collection":[{"href":"https:\/\/uep56terciario-cha.infd.edu.ar\/sitio\/wp-json\/wp\/v2\/pages"}],"about":[{"href":"https:\/\/uep56terciario-cha.infd.edu.ar\/sitio\/wp-json\/wp\/v2\/types\/page"}],"author":[{"embeddable":true,"href":"https:\/\/uep56terciario-cha.infd.edu.ar\/sitio\/wp-json\/wp\/v2\/users\/6"}],"replies":[{"embeddable":true,"href":"https:\/\/uep56terciario-cha.infd.edu.ar\/sitio\/wp-json\/wp\/v2\/comments?post=768"}],"version-history":[{"count":23,"href":"https:\/\/uep56terciario-cha.infd.edu.ar\/sitio\/wp-json\/wp\/v2\/pages\/768\/revisions"}],"predecessor-version":[{"id":1559,"href":"https:\/\/uep56terciario-cha.infd.edu.ar\/sitio\/wp-json\/wp\/v2\/pages\/768\/revisions\/1559"}],"wp:attachment":[{"href":"https:\/\/uep56terciario-cha.infd.edu.ar\/sitio\/wp-json\/wp\/v2\/media?parent=768"}],"curies":[{"name":"wp","href":"https:\/\/api.w.org\/{rel}","templated":true}]}}