{"id":685,"date":"2018-07-25T15:06:42","date_gmt":"2018-07-25T18:06:42","guid":{"rendered":"https:\/\/uep56terciario-cha.infd.edu.ar\/sitio\/?page_id=685"},"modified":"2019-11-28T19:27:54","modified_gmt":"2019-11-28T22:27:54","slug":"autoridades","status":"publish","type":"page","link":"https:\/\/uep56terciario-cha.infd.edu.ar\/sitio\/institucional\/autoridades\/","title":{"rendered":"Autoridades"},"content":{"rendered":"<h5>RECTOR\u00cdA<\/h5>\n<p><em>Prof. Nelly Emilia Falco<\/em><\/p>\n<h5><span data-mce-mark=\"1\"><strong>SECRETAR\u00cdA<\/strong><\/span><\/h5>\n<p><em>Prof. Gabriel El\u00edas Silvestri<\/em><\/p>\n<h5><strong>BEDEL\u00cdA<\/strong><\/h5>\n<p>Prof. Franco Manuel Bustinduy<\/p>\n<p>Prof. Jos\u00e9 Mar\u00eda Bustinduy<\/p>\n<p>Prof. Marcelo Andr\u00e9s Romero<\/p>\n<p>Prof. Lilia Rosa Altamirano<\/p>\n<p>Prof. Paola Julieta Arce<\/p>\n<p>Prof. Claudia Yanina L\u00f3pez<\/p>\n<h5><strong>COORDINACI\u00d3N PEDAG\u00d3GICA<\/strong><\/h5>\n<p><em>Prof. Germ\u00e1n Ben\u00edtez<\/em><\/p>\n<p>&nbsp;<\/p>\n","protected":false},"excerpt":{"rendered":"<p>RECTOR\u00cdA Prof. Nelly Emilia Falco SECRETAR\u00cdA Prof. Gabriel El\u00edas Silvestri BEDEL\u00cdA Prof. Franco Manuel Bustinduy Prof. Jos\u00e9 Mar\u00eda Bustinduy Prof. Marcelo Andr\u00e9s Romero Prof. Lilia Rosa Altamirano Prof. Paola Julieta Arce Prof. Claudia Yanina L\u00f3pez COORDINACI\u00d3N PEDAG\u00d3GICA Prof. Germ\u00e1n Ben\u00edtez &nbsp;<\/p>\n","protected":false},"author":6,"featured_media":0,"parent":683,"menu_order":0,"comment_status":"closed","ping_status":"closed","template":"","meta":[],"acf":[],"_links":{"self":[{"href":"https:\/\/uep56terciario-cha.infd.edu.ar\/sitio\/wp-json\/wp\/v2\/pages\/685"}],"collection":[{"href":"https:\/\/uep56terciario-cha.infd.edu.ar\/sitio\/wp-json\/wp\/v2\/pages"}],"about":[{"href":"https:\/\/uep56terciario-cha.infd.edu.ar\/sitio\/wp-json\/wp\/v2\/types\/page"}],"author":[{"embeddable":true,"href":"https:\/\/uep56terciario-cha.infd.edu.ar\/sitio\/wp-json\/wp\/v2\/users\/6"}],"replies":[{"embeddable":true,"href":"https:\/\/uep56terciario-cha.infd.edu.ar\/sitio\/wp-json\/wp\/v2\/comments?post=685"}],"version-history":[{"count":12,"href":"https:\/\/uep56terciario-cha.infd.edu.ar\/sitio\/wp-json\/wp\/v2\/pages\/685\/revisions"}],"predecessor-version":[{"id":833,"href":"https:\/\/uep56terciario-cha.infd.edu.ar\/sitio\/wp-json\/wp\/v2\/pages\/685\/revisions\/833"}],"up":[{"embeddable":true,"href":"https:\/\/uep56terciario-cha.infd.edu.ar\/sitio\/wp-json\/wp\/v2\/pages\/683"}],"wp:attachment":[{"href":"https:\/\/uep56terciario-cha.infd.edu.ar\/sitio\/wp-json\/wp\/v2\/media?parent=685"}],"curies":[{"name":"wp","href":"https:\/\/api.w.org\/{rel}","templated":true}]}}