{"id":644,"date":"2018-06-18T14:12:35","date_gmt":"2018-06-18T17:12:35","guid":{"rendered":"https:\/\/uep56terciario-cha.infd.edu.ar\/sitio\/?page_id=644"},"modified":"2025-11-20T07:24:12","modified_gmt":"2025-11-20T10:24:12","slug":"carreras","status":"publish","type":"page","link":"https:\/\/uep56terciario-cha.infd.edu.ar\/sitio\/carreras\/","title":{"rendered":"Carreras"},"content":{"rendered":"<ul>\n<li>\n<h5>Profesorado para la Educaci\u00f3n Inicial<\/h5>\n<\/li>\n<li>\n<h5>Profesorado para la Educaci\u00f3n Primaria<\/h5>\n<\/li>\n<li>\n<h5>Profesorado para la Educaci\u00f3n Tecnol\u00f3gica<\/h5>\n<\/li>\n<li>\n<h5>Profesorado para la Educaci\u00f3n Secundaria en Matem\u00e1tica<\/h5>\n<\/li>\n<li>\n<h5>Profesorado para la Educaci\u00f3n Superior en Educaci\u00f3n F\u00edsica<\/h5>\n<\/li>\n<li>\n<h5>Tecnicatura Superior en Administraci\u00f3n y Gesti\u00f3n Municipal<\/h5>\n<\/li>\n<li>\n<h5>Tecnicatura Superior en Seguridad, Higiene y Medio Ambiente en el Trabajo<\/h5>\n<\/li>\n<\/ul>\n<h5><\/h5>\n","protected":false},"excerpt":{"rendered":"<p>Profesorado para la Educaci\u00f3n Inicial Profesorado para la Educaci\u00f3n Primaria Profesorado para la Educaci\u00f3n Tecnol\u00f3gica Profesorado para la Educaci\u00f3n Secundaria en Matem\u00e1tica Profesorado para la Educaci\u00f3n Superior en Educaci\u00f3n F\u00edsica Tecnicatura Superior en Administraci\u00f3n y Gesti\u00f3n Municipal Tecnicatura Superior en Seguridad, Higiene y Medio Ambiente en el Trabajo<\/p>\n","protected":false},"author":1,"featured_media":0,"parent":0,"menu_order":0,"comment_status":"closed","ping_status":"closed","template":"","meta":[],"acf":[],"_links":{"self":[{"href":"https:\/\/uep56terciario-cha.infd.edu.ar\/sitio\/wp-json\/wp\/v2\/pages\/644"}],"collection":[{"href":"https:\/\/uep56terciario-cha.infd.edu.ar\/sitio\/wp-json\/wp\/v2\/pages"}],"about":[{"href":"https:\/\/uep56terciario-cha.infd.edu.ar\/sitio\/wp-json\/wp\/v2\/types\/page"}],"author":[{"embeddable":true,"href":"https:\/\/uep56terciario-cha.infd.edu.ar\/sitio\/wp-json\/wp\/v2\/users\/1"}],"replies":[{"embeddable":true,"href":"https:\/\/uep56terciario-cha.infd.edu.ar\/sitio\/wp-json\/wp\/v2\/comments?post=644"}],"version-history":[{"count":31,"href":"https:\/\/uep56terciario-cha.infd.edu.ar\/sitio\/wp-json\/wp\/v2\/pages\/644\/revisions"}],"predecessor-version":[{"id":1505,"href":"https:\/\/uep56terciario-cha.infd.edu.ar\/sitio\/wp-json\/wp\/v2\/pages\/644\/revisions\/1505"}],"wp:attachment":[{"href":"https:\/\/uep56terciario-cha.infd.edu.ar\/sitio\/wp-json\/wp\/v2\/media?parent=644"}],"curies":[{"name":"wp","href":"https:\/\/api.w.org\/{rel}","templated":true}]}}