{"id":318,"date":"2016-10-31T14:20:44","date_gmt":"2016-10-31T17:20:44","guid":{"rendered":"https:\/\/uep56terciario-cha.infd.edu.ar\/sitio\/?page_id=318"},"modified":"2025-11-20T07:23:03","modified_gmt":"2025-11-20T10:23:03","slug":"contacto","status":"publish","type":"page","link":"https:\/\/uep56terciario-cha.infd.edu.ar\/sitio\/institucional\/contacto\/","title":{"rendered":"Datos de contacto"},"content":{"rendered":"<h2>Comunicate con nosotros<\/h2>\n<p><strong>Direcci\u00f3n: Maestro Carlos B. Enr\u00edquez esq. Madre Teresa de Calcuta &#8211; La Escondida CP3514 &#8211; Provincia del Chaco &#8211; Argentina<br \/>\nTel\u00e9fono fijo: (+54) 362 449 9005 &#8211; WhatsApp (+54) 362 489 4834<br \/>\nCorreo Electr\u00f3nico: uep56.terciario@gmail.com<br \/>\n<\/strong><strong>Horarios de atenci\u00f3n: 07:30 a 23:00<\/strong><\/p>\n<p><iframe loading=\"lazy\" style=\"border: 0;\" src=\"https:\/\/www.google.com\/maps\/embed?pb=!1m10!1m8!1m3!1d7103.1872769344445!2d-59.4460637!3d-27.1061061!3m2!1i1024!2i768!4f13.1!5e0!3m2!1ses!2sar!4v1574899195240!5m2!1ses!2sar\" width=\"600\" height=\"450\" frameborder=\"0\" allowfullscreen=\"allowfullscreen\"><\/iframe><\/p>\n","protected":false},"excerpt":{"rendered":"<p>Comunicate con nosotros Direcci\u00f3n: Maestro Carlos B. Enr\u00edquez esq. Madre Teresa de Calcuta &#8211; La Escondida CP3514 &#8211; Provincia del Chaco &#8211; Argentina Tel\u00e9fono fijo: (+54) 362 449 9005 &#8211; WhatsApp (+54) 362 489 4834 Correo Electr\u00f3nico: uep56.terciario@gmail.com Horarios de atenci\u00f3n: 07:30 a 23:00<\/p>\n","protected":false},"author":1,"featured_media":0,"parent":683,"menu_order":0,"comment_status":"closed","ping_status":"closed","template":"","meta":[],"acf":[],"_links":{"self":[{"href":"https:\/\/uep56terciario-cha.infd.edu.ar\/sitio\/wp-json\/wp\/v2\/pages\/318"}],"collection":[{"href":"https:\/\/uep56terciario-cha.infd.edu.ar\/sitio\/wp-json\/wp\/v2\/pages"}],"about":[{"href":"https:\/\/uep56terciario-cha.infd.edu.ar\/sitio\/wp-json\/wp\/v2\/types\/page"}],"author":[{"embeddable":true,"href":"https:\/\/uep56terciario-cha.infd.edu.ar\/sitio\/wp-json\/wp\/v2\/users\/1"}],"replies":[{"embeddable":true,"href":"https:\/\/uep56terciario-cha.infd.edu.ar\/sitio\/wp-json\/wp\/v2\/comments?post=318"}],"version-history":[{"count":17,"href":"https:\/\/uep56terciario-cha.infd.edu.ar\/sitio\/wp-json\/wp\/v2\/pages\/318\/revisions"}],"predecessor-version":[{"id":1504,"href":"https:\/\/uep56terciario-cha.infd.edu.ar\/sitio\/wp-json\/wp\/v2\/pages\/318\/revisions\/1504"}],"up":[{"embeddable":true,"href":"https:\/\/uep56terciario-cha.infd.edu.ar\/sitio\/wp-json\/wp\/v2\/pages\/683"}],"wp:attachment":[{"href":"https:\/\/uep56terciario-cha.infd.edu.ar\/sitio\/wp-json\/wp\/v2\/media?parent=318"}],"curies":[{"name":"wp","href":"https:\/\/api.w.org\/{rel}","templated":true}]}}