{"id":1172,"date":"2022-11-04T22:05:59","date_gmt":"2022-11-05T01:05:59","guid":{"rendered":"https:\/\/uep56terciario-cha.infd.edu.ar\/sitio\/?page_id=1172"},"modified":"2026-02-12T22:10:28","modified_gmt":"2026-02-13T01:10:28","slug":"mesas-de-examenes-turno-marzo-2026","status":"publish","type":"page","link":"https:\/\/uep56terciario-cha.infd.edu.ar\/sitio\/mesas-de-examenes-turno-marzo-2026\/","title":{"rendered":"MESAS DE EXAMENES TURNO MARZO\/2026"},"content":{"rendered":"\n<p><a rel=\"noreferrer noopener\" href=\"https:\/\/uep56terciario-cha.infd.edu.ar\/#facebook\" target=\"_blank\"><\/a><\/p>\n\n\n\n<p><\/p>\n\n\n\n<p class=\"has-contrast-2-color has-text-color\">Inscripciones para Ex\u00e1menes Finales Presenciales Turno MARZO\/2026 1\u00ba TURNO: MARTES 24\/02\/2026 y MIERCOLES 25\/02\/2026<\/p>\n\n\n\n<p>COMISIONES EVALUADORAS 1\u00ba TURNO: DESDE EL JUEVES 26\/02\/2026 Y HASTA EL MI\u00c9RCOLES 11\/03\/2026<\/p>\n\n\n\n<p class=\"has-contrast-2-color has-text-color\">Inscripciones para Ex\u00e1menes Finales Presenciales Turno MARZO\/2026 2\u00ba TURNO: JUEVES 12\/03\/2026<\/p>\n\n\n\n<p>COMISIONES EVALUADORAS 2\u00ba TURNO: DESDE EL VIERNES 13\/03\/2026 Y HASTA EL MARTES 30\/03\/2026<\/p>\n\n\n\n<p>Para ver las fechas de ex\u00e1menes ingres\u00e1 ac\u00e1:<\/p>\n\n\n\n<ul>\n<li><a href=\"https:\/\/drive.google.com\/file\/d\/1WOXvQiyGF9SoFtcY6w0LfLIAnort0Yce\/view?usp=sharingPr\" target=\"_blank\" rel=\"noreferrer noopener\">Profesorado para la Educaci\u00f3n Secundaria en Matem\u00e1tica<\/a><\/li>\n\n\n\n<li><a rel=\"noreferrer noopener\" href=\"https:\/\/drive.google.com\/file\/d\/1WYklp3DIhjFENwQZocEK0m_iVNzTWRzu\/view?usp=sharing\" target=\"_blank\">Profesorado para la Educaci\u00f3n Superior en Educaci\u00f3n F\u00edsica<\/a><\/li>\n\n\n\n<li><a href=\"https:\/\/drive.google.com\/file\/d\/1W_9hFanjfr-9Mz6KC87FuoBUd4ZGVmIK\/view?usp=sharing\" target=\"_blank\" rel=\"noreferrer noopener\">Profesorado para la Educaci\u00f3n Tecnol\u00f3gica<\/a><\/li>\n\n\n\n<li><a href=\"https:\/\/drive.google.com\/file\/d\/1Py4JxNR3KwVu3qtt103LBhuzaLea19bh\/view?usp=sharing\" target=\"_blank\" rel=\"noreferrer noopener\">Profesorado para la Educaci\u00f3n Inicial<\/a><\/li>\n\n\n\n<li><a href=\"https:\/\/drive.google.com\/file\/d\/1WeoWuYlPNKpVy3YWKECIVJG7jJmp6zGU\/view?usp=sharing\" target=\"_blank\" rel=\"noreferrer noopener\">Tecnicatura Superior en Seguridad, Higiene y Medio Ambiente en el Trabajo<\/a><\/li>\n\n\n\n<li><a href=\"https:\/\/drive.google.com\/file\/d\/1rcphscuwfiuMc42UmP5_hMWNXKR9Fhah\/view?usp=sharing\" target=\"_blank\" rel=\"noreferrer noopener\">Tecnicatura Superior en Administraci\u00f3n y Gesti\u00f3n Municipal<\/a><\/li>\n<\/ul>\n\n\n\n<p>Observaciones: Todos los examenes son Presenciales. El Turno MARZO\/2026 est\u00e1 dividido en dos turnos para facilitar la trayectoria escolar de los alumnos, quienes podr\u00e1n elegir las mesas seg\u00fan considere, pero no podr\u00e1 inscribirse a un mismo espacio curricular en ambos turnos (se trata de un \u00fanico llamado).<\/p>\n","protected":false},"excerpt":{"rendered":"<p>Inscripciones para Ex\u00e1menes Finales Presenciales Turno MARZO\/2026 1\u00ba TURNO: MARTES 24\/02\/2026 y MIERCOLES 25\/02\/2026 COMISIONES EVALUADORAS 1\u00ba TURNO: DESDE EL JUEVES 26\/02\/2026 Y HASTA EL MI\u00c9RCOLES 11\/03\/2026 Inscripciones para Ex\u00e1menes Finales Presenciales Turno MARZO\/2026 2\u00ba TURNO: JUEVES 12\/03\/2026 COMISIONES EVALUADORAS 2\u00ba TURNO: DESDE EL VIERNES 13\/03\/2026 Y HASTA EL MARTES 30\/03\/2026 Para ver las fechas &#8230; <a title=\"MESAS DE EXAMENES TURNO MARZO\/2026\" class=\"read-more\" href=\"https:\/\/uep56terciario-cha.infd.edu.ar\/sitio\/mesas-de-examenes-turno-marzo-2026\/\" aria-label=\"More on MESAS DE EXAMENES TURNO MARZO\/2026\">[+]<\/a><\/p>\n","protected":false},"author":13,"featured_media":0,"parent":0,"menu_order":0,"comment_status":"closed","ping_status":"closed","template":"","meta":[],"acf":[],"_links":{"self":[{"href":"https:\/\/uep56terciario-cha.infd.edu.ar\/sitio\/wp-json\/wp\/v2\/pages\/1172"}],"collection":[{"href":"https:\/\/uep56terciario-cha.infd.edu.ar\/sitio\/wp-json\/wp\/v2\/pages"}],"about":[{"href":"https:\/\/uep56terciario-cha.infd.edu.ar\/sitio\/wp-json\/wp\/v2\/types\/page"}],"author":[{"embeddable":true,"href":"https:\/\/uep56terciario-cha.infd.edu.ar\/sitio\/wp-json\/wp\/v2\/users\/13"}],"replies":[{"embeddable":true,"href":"https:\/\/uep56terciario-cha.infd.edu.ar\/sitio\/wp-json\/wp\/v2\/comments?post=1172"}],"version-history":[{"count":33,"href":"https:\/\/uep56terciario-cha.infd.edu.ar\/sitio\/wp-json\/wp\/v2\/pages\/1172\/revisions"}],"predecessor-version":[{"id":1516,"href":"https:\/\/uep56terciario-cha.infd.edu.ar\/sitio\/wp-json\/wp\/v2\/pages\/1172\/revisions\/1516"}],"wp:attachment":[{"href":"https:\/\/uep56terciario-cha.infd.edu.ar\/sitio\/wp-json\/wp\/v2\/media?parent=1172"}],"curies":[{"name":"wp","href":"https:\/\/api.w.org\/{rel}","templated":true}]}}