{"id":1037,"date":"2020-12-14T22:01:39","date_gmt":"2020-12-15T01:01:39","guid":{"rendered":"https:\/\/uep56terciario-cha.infd.edu.ar\/sitio\/?page_id=1037"},"modified":"2025-11-12T20:54:00","modified_gmt":"2025-11-12T23:54:00","slug":"preinscripciones-2026","status":"publish","type":"page","link":"https:\/\/uep56terciario-cha.infd.edu.ar\/sitio\/preinscripciones-2026\/","title":{"rendered":"PRE-INSCRIPCIONES OFERTA EDUCATIVA 2026"},"content":{"rendered":"\n<h3 class=\"wp-block-heading\">ESTIMADO\/A ASPIRANTE A CONTINUAR ESTUDIOS SUPERIORES<\/h3>\n\n\n\n<p>Te desafiamos a cambiar tu futuro. Form\u00e1 parte de nuestra alta Casa de Estudios y escrib\u00ed una nueva p\u00e1gina en la historia de tu vida. El saber es la \u00fanica herramienta cap\u00e1z de transformar el futuro.<\/p>\n\n\n\n<p>Estudi\u00e1 en la UEGP N\u00ba56 \u00abCarlos Belisario Enr\u00edquez\u00bb Instituto Superior de Formaci\u00f3n Docente y de Formaci\u00f3n T\u00e9cnica<\/p>\n\n\n\n<p>En esta oportunidad te acercamos las siguientes propuestas <\/p>\n\n\n\n<p><strong>Profesorado para la Educaci\u00f3n Secundaria en Matem\u00e1tica<\/strong> (Duraci\u00f3n 4 a\u00f1os) <br>         Plan de Estudios Resoluci\u00f3n N\u00ba7612\/2014 MECCT<\/p>\n\n\n\n<p><strong>Profesorado para la Educaci\u00f3n Tecnol\u00f3gica<\/strong> (Duraci\u00f3n 4 a\u00f1os) <br>         Plan de Estudios Resoluci\u00f3n N\u00ba7619\/2014 MECCT<\/p>\n\n\n\n<p><strong>Profesorado para la Educaci\u00f3n Primaria<\/strong> (Duraci\u00f3n 4 a\u00f1os) <br>         Plan de Estudios Resoluci\u00f3n N\u00ba7594\/2014 MECCT<\/p>\n\n\n\n<p><strong>Profesorado para la Educaci\u00f3n Inicial<\/strong> (Duraci\u00f3n 4 a\u00f1os) <br>         Plan de Estudios Resoluci\u00f3n N\u00ba7595\/2014 MECCT<\/p>\n\n\n\n<p><strong>Tecnicatura Superior en Seguridad, Higiene y Medio Ambiente en el Trabajo<\/strong> (Duraci\u00f3n 3 a\u00f1os) <br>          Plan de Estudios Resoluci\u00f3n N\u00ba4062\/2014 MECCT<\/p>\n\n\n\n<p>La inscripci\u00f3n definitiva se har\u00e1 efectiva cuando se completen todos los requisitos de forma presencial en la Instituci\u00f3n a partir del 23 de febrero de 2026<\/p>\n\n\n\n<p class=\"has-text-align-center\"><a href=\"https:\/\/forms.gle\/wdVUYxHzPSyLbZ3C8\" data-type=\"URL\" data-id=\"https:\/\/forms.gle\/sGeuy5raTShgXnBS9\" target=\"_blank\" rel=\"noreferrer noopener\"><img decoding=\"async\" src=\"https:\/\/static.xx.fbcdn.net\/images\/emoji.php\/v9\/taa\/1.5\/16\/1f449.png\" alt=\"&#x1f449;\">\u00a0Para realizar tu preinscripci\u00f3n complet\u00e1 el siguiente formulario\u00a0<\/a><\/p>\n","protected":false},"excerpt":{"rendered":"<p>ESTIMADO\/A ASPIRANTE A CONTINUAR ESTUDIOS SUPERIORES Te desafiamos a cambiar tu futuro. Form\u00e1 parte de nuestra alta Casa de Estudios y escrib\u00ed una nueva p\u00e1gina en la historia de tu vida. El saber es la \u00fanica herramienta cap\u00e1z de transformar el futuro. Estudi\u00e1 en la UEGP N\u00ba56 \u00abCarlos Belisario Enr\u00edquez\u00bb Instituto Superior de Formaci\u00f3n Docente &#8230; <a title=\"PRE-INSCRIPCIONES OFERTA EDUCATIVA 2026\" class=\"read-more\" href=\"https:\/\/uep56terciario-cha.infd.edu.ar\/sitio\/preinscripciones-2026\/\" aria-label=\"More on PRE-INSCRIPCIONES OFERTA EDUCATIVA 2026\">[+]<\/a><\/p>\n","protected":false},"author":13,"featured_media":0,"parent":0,"menu_order":0,"comment_status":"closed","ping_status":"closed","template":"","meta":[],"acf":[],"_links":{"self":[{"href":"https:\/\/uep56terciario-cha.infd.edu.ar\/sitio\/wp-json\/wp\/v2\/pages\/1037"}],"collection":[{"href":"https:\/\/uep56terciario-cha.infd.edu.ar\/sitio\/wp-json\/wp\/v2\/pages"}],"about":[{"href":"https:\/\/uep56terciario-cha.infd.edu.ar\/sitio\/wp-json\/wp\/v2\/types\/page"}],"author":[{"embeddable":true,"href":"https:\/\/uep56terciario-cha.infd.edu.ar\/sitio\/wp-json\/wp\/v2\/users\/13"}],"replies":[{"embeddable":true,"href":"https:\/\/uep56terciario-cha.infd.edu.ar\/sitio\/wp-json\/wp\/v2\/comments?post=1037"}],"version-history":[{"count":28,"href":"https:\/\/uep56terciario-cha.infd.edu.ar\/sitio\/wp-json\/wp\/v2\/pages\/1037\/revisions"}],"predecessor-version":[{"id":1488,"href":"https:\/\/uep56terciario-cha.infd.edu.ar\/sitio\/wp-json\/wp\/v2\/pages\/1037\/revisions\/1488"}],"wp:attachment":[{"href":"https:\/\/uep56terciario-cha.infd.edu.ar\/sitio\/wp-json\/wp\/v2\/media?parent=1037"}],"curies":[{"name":"wp","href":"https:\/\/api.w.org\/{rel}","templated":true}]}}